{"id":1907,"date":"2025-03-12T14:52:49","date_gmt":"2025-03-12T13:52:49","guid":{"rendered":"https:\/\/lanuriafarres.com\/aviso-legal\/"},"modified":"2025-07-17T13:36:33","modified_gmt":"2025-07-17T11:36:33","slug":"aviso-legal","status":"publish","type":"page","link":"https:\/\/lanuriafarres.com\/es\/aviso-legal\/","title":{"rendered":"Aviso legal"},"content":{"rendered":"\n<p>DATOS IDENTIFICATIVOS<\/p>\n\n<p>De acuerdo con la exigencia establecida en el art\u00edculo 10 de la Ley 34\/2002, de 11 de julio, de Servicios de la Sociedad de la Informaci\u00f3n y del Comercio Electr\u00f3nico, se cumple con la obligaci\u00f3n de informar a todos los usuarios e interesados de que la responsabilidad y titularidad del dominio web la web \"en la web\" lanuriafarres.com as\u00ed como las redes sociales N\u00faria Farr\u00e9s, con DNI 53127369Z, con domicilio en Camprodon 9 bajos 08402 Granollers (Barcelona), Espa\u00f1a, en adelante \u201cN\u00faria Farr\u00e9s\u201d, y cuyo correo electr\u00f3nico de contacto es nuriafarres@gmail.com.<\/p>\n","protected":false},"excerpt":{"rendered":"<p>DATOS IDENTIFICATIVOS De acuerdo con la exigencia establecida en el art\u00edculo 10 de la Ley 34\/2002, de 11 de julio, de Servicios de la Sociedad de la Informaci\u00f3n y del Comercio Electr\u00f3nico, se cumple con la obligaci\u00f3n de informar a todos los usuarios e interesados de que la responsabilidad y titularidad del dominio web la [&hellip;]<\/p>\n","protected":false},"author":3,"featured_media":0,"parent":0,"menu_order":0,"comment_status":"closed","ping_status":"closed","template":"","meta":{"_acf_changed":false,"footnotes":""},"class_list":["post-1907","page","type-page","status-publish","hentry"],"acf":[],"yoast_head":"<!-- This site is optimized with the Yoast SEO plugin v25.5 - https:\/\/yoast.com\/wordpress\/plugins\/seo\/ -->\n<title>Aviso legal - La N\u00faria Farr\u00e9s<\/title>\n<meta name=\"robots\" content=\"index, follow, max-snippet:-1, max-image-preview:large, max-video-preview:-1\" \/>\n<link rel=\"canonical\" href=\"https:\/\/lanuriafarres.com\/es\/aviso-legal\/\" \/>\n<meta property=\"og:locale\" content=\"es_ES\" \/>\n<meta property=\"og:type\" content=\"article\" \/>\n<meta property=\"og:title\" content=\"Aviso legal - La N\u00faria Farr\u00e9s\" \/>\n<meta property=\"og:description\" content=\"DATOS IDENTIFICATIVOS De acuerdo con la exigencia establecida en el art\u00edculo 10 de la Ley 34\/2002, de 11 de julio, de Servicios de la Sociedad de la Informaci\u00f3n y del Comercio Electr\u00f3nico, se cumple con la obligaci\u00f3n de informar a todos los usuarios e interesados de que la responsabilidad y titularidad del dominio web la [&hellip;]\" \/>\n<meta property=\"og:url\" content=\"https:\/\/lanuriafarres.com\/es\/aviso-legal\/\" \/>\n<meta property=\"og:site_name\" content=\"La N\u00faria Farr\u00e9s\" \/>\n<meta property=\"article:modified_time\" content=\"2025-07-17T11:36:33+00:00\" \/>\n<meta name=\"twitter:card\" content=\"summary_large_image\" \/>\n<meta name=\"twitter:label1\" content=\"Tiempo de lectura\" \/>\n\t<meta name=\"twitter:data1\" content=\"1 minuto\" \/>\n<script type=\"application\/ld+json\" class=\"yoast-schema-graph\">{\"@context\":\"https:\/\/schema.org\",\"@graph\":[{\"@type\":\"WebPage\",\"@id\":\"https:\/\/lanuriafarres.com\/es\/aviso-legal\/\",\"url\":\"https:\/\/lanuriafarres.com\/es\/aviso-legal\/\",\"name\":\"Aviso legal - La N\u00faria Farr\u00e9s\",\"isPartOf\":{\"@id\":\"https:\/\/lanuriafarres.com\/es\/#website\"},\"datePublished\":\"2025-03-12T13:52:49+00:00\",\"dateModified\":\"2025-07-17T11:36:33+00:00\",\"breadcrumb\":{\"@id\":\"https:\/\/lanuriafarres.com\/es\/aviso-legal\/#breadcrumb\"},\"inLanguage\":\"es\",\"potentialAction\":[{\"@type\":\"ReadAction\",\"target\":[\"https:\/\/lanuriafarres.com\/es\/aviso-legal\/\"]}]},{\"@type\":\"BreadcrumbList\",\"@id\":\"https:\/\/lanuriafarres.com\/es\/aviso-legal\/#breadcrumb\",\"itemListElement\":[{\"@type\":\"ListItem\",\"position\":1,\"name\":\"Portada\",\"item\":\"https:\/\/lanuriafarres.com\/es\/inicio\/\"},{\"@type\":\"ListItem\",\"position\":2,\"name\":\"Aviso legal\"}]},{\"@type\":\"WebSite\",\"@id\":\"https:\/\/lanuriafarres.com\/es\/#website\",\"url\":\"https:\/\/lanuriafarres.com\/es\/\",\"name\":\"La N\u00faria Farr\u00e9s\",\"description\":\"Web de N\u00faria Farr\u00e9s\",\"publisher\":{\"@id\":\"https:\/\/lanuriafarres.com\/es\/#\/schema\/person\/6f42468ebf606d1d70f5e2bf2607e02c\"},\"potentialAction\":[{\"@type\":\"SearchAction\",\"target\":{\"@type\":\"EntryPoint\",\"urlTemplate\":\"https:\/\/lanuriafarres.com\/es\/?s={search_term_string}\"},\"query-input\":{\"@type\":\"PropertyValueSpecification\",\"valueRequired\":true,\"valueName\":\"search_term_string\"}}],\"inLanguage\":\"es\"},{\"@type\":[\"Person\",\"Organization\"],\"@id\":\"https:\/\/lanuriafarres.com\/es\/#\/schema\/person\/6f42468ebf606d1d70f5e2bf2607e02c\",\"name\":\"N\u00faria Farr\u00e9s\",\"image\":{\"@type\":\"ImageObject\",\"inLanguage\":\"es\",\"@id\":\"https:\/\/lanuriafarres.com\/es\/#\/schema\/person\/image\/\",\"url\":\"https:\/\/lanuriafarres.com\/wp-content\/uploads\/2025\/03\/LaNuriaFarres.svg\",\"contentUrl\":\"https:\/\/lanuriafarres.com\/wp-content\/uploads\/2025\/03\/LaNuriaFarres.svg\",\"width\":1,\"height\":1,\"caption\":\"N\u00faria Farr\u00e9s\"},\"logo\":{\"@id\":\"https:\/\/lanuriafarres.com\/es\/#\/schema\/person\/image\/\"}}]}<\/script>\n<!-- \/ Yoast SEO plugin. -->","yoast_head_json":{"title":"Aviso legal - La N\u00faria Farr\u00e9s","robots":{"index":"index","follow":"follow","max-snippet":"max-snippet:-1","max-image-preview":"max-image-preview:large","max-video-preview":"max-video-preview:-1"},"canonical":"https:\/\/lanuriafarres.com\/es\/aviso-legal\/","og_locale":"es_ES","og_type":"article","og_title":"Aviso legal - La N\u00faria Farr\u00e9s","og_description":"DATOS IDENTIFICATIVOS De acuerdo con la exigencia establecida en el art\u00edculo 10 de la Ley 34\/2002, de 11 de julio, de Servicios de la Sociedad de la Informaci\u00f3n y del Comercio Electr\u00f3nico, se cumple con la obligaci\u00f3n de informar a todos los usuarios e interesados de que la responsabilidad y titularidad del dominio web la [&hellip;]","og_url":"https:\/\/lanuriafarres.com\/es\/aviso-legal\/","og_site_name":"La N\u00faria Farr\u00e9s","article_modified_time":"2025-07-17T11:36:33+00:00","twitter_card":"summary_large_image","twitter_misc":{"Tiempo de lectura":"1 minuto"},"schema":{"@context":"https:\/\/schema.org","@graph":[{"@type":"WebPage","@id":"https:\/\/lanuriafarres.com\/es\/aviso-legal\/","url":"https:\/\/lanuriafarres.com\/es\/aviso-legal\/","name":"Aviso legal - La N\u00faria Farr\u00e9s","isPartOf":{"@id":"https:\/\/lanuriafarres.com\/es\/#website"},"datePublished":"2025-03-12T13:52:49+00:00","dateModified":"2025-07-17T11:36:33+00:00","breadcrumb":{"@id":"https:\/\/lanuriafarres.com\/es\/aviso-legal\/#breadcrumb"},"inLanguage":"es","potentialAction":[{"@type":"ReadAction","target":["https:\/\/lanuriafarres.com\/es\/aviso-legal\/"]}]},{"@type":"BreadcrumbList","@id":"https:\/\/lanuriafarres.com\/es\/aviso-legal\/#breadcrumb","itemListElement":[{"@type":"ListItem","position":1,"name":"Portada","item":"https:\/\/lanuriafarres.com\/es\/inicio\/"},{"@type":"ListItem","position":2,"name":"Aviso legal"}]},{"@type":"WebSite","@id":"https:\/\/lanuriafarres.com\/es\/#website","url":"https:\/\/lanuriafarres.com\/es\/","name":"La N\u00faria Farr\u00e9s","description":"Web de N\u00faria Farr\u00e9s","publisher":{"@id":"https:\/\/lanuriafarres.com\/es\/#\/schema\/person\/6f42468ebf606d1d70f5e2bf2607e02c"},"potentialAction":[{"@type":"SearchAction","target":{"@type":"EntryPoint","urlTemplate":"https:\/\/lanuriafarres.com\/es\/?s={search_term_string}"},"query-input":{"@type":"PropertyValueSpecification","valueRequired":true,"valueName":"search_term_string"}}],"inLanguage":"es"},{"@type":["Person","Organization"],"@id":"https:\/\/lanuriafarres.com\/es\/#\/schema\/person\/6f42468ebf606d1d70f5e2bf2607e02c","name":"N\u00faria Farr\u00e9s","image":{"@type":"ImageObject","inLanguage":"es","@id":"https:\/\/lanuriafarres.com\/es\/#\/schema\/person\/image\/","url":"https:\/\/lanuriafarres.com\/wp-content\/uploads\/2025\/03\/LaNuriaFarres.svg","contentUrl":"https:\/\/lanuriafarres.com\/wp-content\/uploads\/2025\/03\/LaNuriaFarres.svg","width":1,"height":1,"caption":"N\u00faria Farr\u00e9s"},"logo":{"@id":"https:\/\/lanuriafarres.com\/es\/#\/schema\/person\/image\/"}}]}},"_links":{"self":[{"href":"https:\/\/lanuriafarres.com\/es\/wp-json\/wp\/v2\/pages\/1907","targetHints":{"allow":["GET"]}}],"collection":[{"href":"https:\/\/lanuriafarres.com\/es\/wp-json\/wp\/v2\/pages"}],"about":[{"href":"https:\/\/lanuriafarres.com\/es\/wp-json\/wp\/v2\/types\/page"}],"author":[{"embeddable":true,"href":"https:\/\/lanuriafarres.com\/es\/wp-json\/wp\/v2\/users\/3"}],"replies":[{"embeddable":true,"href":"https:\/\/lanuriafarres.com\/es\/wp-json\/wp\/v2\/comments?post=1907"}],"version-history":[{"count":1,"href":"https:\/\/lanuriafarres.com\/es\/wp-json\/wp\/v2\/pages\/1907\/revisions"}],"predecessor-version":[{"id":1909,"href":"https:\/\/lanuriafarres.com\/es\/wp-json\/wp\/v2\/pages\/1907\/revisions\/1909"}],"wp:attachment":[{"href":"https:\/\/lanuriafarres.com\/es\/wp-json\/wp\/v2\/media?parent=1907"}],"curies":[{"name":"wp","href":"https:\/\/api.w.org\/{rel}","templated":true}]}}