{"id":1926,"date":"2024-11-14T15:23:05","date_gmt":"2024-11-14T14:23:05","guid":{"rendered":"https:\/\/lanuriafarres.com\/politica-de-privacidad\/"},"modified":"2025-07-17T13:36:33","modified_gmt":"2025-07-17T11:36:33","slug":"politica-de-privacidad","status":"publish","type":"page","link":"https:\/\/lanuriafarres.com\/es\/politica-de-privacidad\/","title":{"rendered":"Pol\u00edtica de privacidad"},"content":{"rendered":"\n<p>Responsable de los datos personales: N\u00faria Farr\u00e9s Llobet, con DNI 53127369Z y domicilio en Camprodon 9 bajos 08402 Granollers (Barcelona), Espa\u00f1a, en adelante \u201cN\u00faria Farr\u00e9s\u201d, y cuyo correo electr\u00f3nico de contacto es nuriafarres@gmail.com.<\/p>\n\n<p>Datos solicitados en el sitio web y finalidad del tratamiento.<\/p>\n\n<p>Nombre, apellidos y correo electr\u00f3nico en los formularios de contacto: para realizar cualquier contacto directo con N\u00faria Farr\u00e9s, ya sea para estar en contacto o solicitar un servicio o producto, o cualquier otra informaci\u00f3n. No suministrar los datos personales m\u00ednimos necesarios imposibilitar\u00e1 a N\u00faria Farr\u00e9s responder a la petici\u00f3n. <\/p>\n\n<p>-Nombre y correo electr\u00f3nico: para poder hacer comentarios en el blog del sitio web.<\/p>\n\n<p>-Nombre, apellidos, direcci\u00f3n, tel\u00e9fono, correo electr\u00f3nico, n\u00famero de identificaci\u00f3n fiscal: se solicitar\u00e1 esta informaci\u00f3n en el momento del pago del servicio, esto para procesar todo lo relacionado con el usuario.<\/p>\n\n<p>-Nombre, tel\u00e9fono y correo electr\u00f3nico para newsletter: con el debido consentimiento expreso y voluntario del titular de los datos, se solicitar\u00e1 en el sitio web la informaci\u00f3n m\u00ednima necesaria para enviar un bolet\u00edn comercial automatizado, donde se informar\u00e1 sobre publicidad, promociones y otra informaci\u00f3n de los servicios y\/o productos ofrecidos por N\u00faria Farr\u00e9s.<\/p>\n\n<p>Si el usuario tiene menos de 16 a\u00f1os, deber\u00e1 contar con la autorizaci\u00f3n de los padres o tutores legales para entregar los datos personales. Canjoan coworking no tiene forma de comprobar efectivamente la edad de los usuarios, por lo que queda eximida de cualquier responsabilidad, si el usuario no cumple lo que aqu\u00ed indica. <\/p>\n\n<p>N\u00faria Farr\u00e9s en todo momento velar\u00e1 por que el uso que se da al sitio web, a los contenidos, y al tratamiento de los datos personales del usuario, se hagan de la manera m\u00e1s correcta. Por eso, el usuario siempre podr\u00e1 ejercer sus derechos de acceso, rectificaci\u00f3n, cancelaci\u00f3n, portabilidad, olvido u oposici\u00f3n, todo ello en fiel cumplimiento de las directrices de las leyes que rigen la materia, escribiendo al correo nuriafarres@gmail.com. <\/p>\n\n<p>En ning\u00fan momento N\u00faria Farr\u00e9s compartir\u00e1 con terceros los datos que posee. En caso de hacerlo por cumplir con los servicios contratados por alg\u00fan participante, enviar la newsletter, cumplir con exigencias legales o para la administraci\u00f3n del sitio web, se proporcionar\u00e1n los acuerdos de confidencialidad debidos entre las partes. <\/p>\n\n<p>Los enlaces a terceros que puedan encontrarse en el sitio web tienen pol\u00edticas de privacidad ajenas a N\u00faria Farr\u00e9s. El acceso a estos sitios deber\u00e1 ser responsabilidad del usuario, siendo su responsabilidad conocerlas y decidir aceptarlas o no. <\/p>\n\n<p>FORMULARIOS<\/p>\n\n<p>El sitio web dispone de 2 tipos de formularios, de los que se recogen datos personales:<\/p>\n\n<p>De contacto: el usuario, el cliente o el participante podr\u00e1 encontrar formularios que facilitar\u00e1n la comunicaci\u00f3n con N\u00faria Farr\u00e9s, para plantear dudas, comentarios, solicitar un servicio, reservar alguno de los servicios ofrecidos en el sitio web o exigir alg\u00fan derecho que tenga. No suministrar los datos personales m\u00ednimos necesarios imposibilitar\u00e1 a N\u00faria Farr\u00e9s responder a la petici\u00f3n. Este tratamiento se considerar\u00e1 leg\u00edtimo por ser parte de una diligencia precontractual. El servidor del sitio web y del correo electr\u00f3nico de N\u00faria Farr\u00e9s ser\u00e1n los encargados del tratamiento.   <\/p>\n\n<p>De publicidad: se solicitar\u00e1 a los usuarios, compradores o participantes su consentimiento expreso y voluntario para entregar a canjoan coworking los m\u00ednimos datos necesarios para enviar publicidad e informaci\u00f3n comercial relacionada con los servicios y\/o productos ofrecidos por canjoan coworking, para que se a\u00f1ada a un fichero automatizado de correo electr\u00f3nico marketing gestionado por el encargado del tratamiento. El tratamiento de los datos personales que se encuentren en esta secci\u00f3n se ha realizado con el consentimiento del titular de los datos. <\/p>\n\n<p>Para procesar la solicitud del servicio: se solicitar\u00e1 a los usuarios, clientes o participantes los datos para que canjoan coworking pueda procesar los servicios solicitados por el cliente. Tratamiento leg\u00edtimo de datos personales por la relaci\u00f3n contractual existente con el cliente o participante. Los datos ser\u00e1n guardados en el servidor del sitio web.  <\/p>\n\n<p>ENCARGADOS DEL TRATAMIENTO<\/p>\n\n<p>N\u00faria Farr\u00e9s necesita el apoyo de terceros para ofrecer adecuadamente sus servicios y productos, con los que celebra los acuerdos de confidencialidad debidos y verifica el cumplimiento de las normativas sobre protecci\u00f3n de datos personales.<\/p>\n\n<p>Los datos suministrados a estos terceros no podr\u00e1n ser utilizados para otros fines no autorizados por el titular de los datos.<\/p>\n\n<p>En cumplimiento de los principios de informaci\u00f3n y transparencia, se hace saber que estos terceros son:<\/p>\n\n<p>Banco BBVA: El Banco Bilbao Vizcaya Argentaria, SA es una empresa utilizada para gestionar los pagos; https:\/\/www.bbva.es\/sistema\/meta\/tratamiento- datos-personales\/index.jsp<\/p>\n\n<p>Bizum: Es una plataforma de pago propiedad de Sociedad de Procedimientos de Pago, SL (\u201cSdPP\u201d). Queda ubicada en Espa\u00f1a con domicilio espec\u00edfico en Madrid, su pol\u00edtica de privacidad puede observarse en https:\/\/bizum.es\/politica-de-privacidad\/ y puede contactarse a trav\u00e9s del correo electr\u00f3nico informacion@bizum.es <\/p>\n\n<p>CDmon (10DENCEHISPAHARD, SL): empresa dedicada al alojamiento web y dominios. Ubicada C\/ Girona 81-83 local 6, Malgrat de Mar 08380, Barcelona, Espa\u00f1a. Para m\u00e1s informaci\u00f3n puedes visitar https:\/\/www.cdmon.com\/es\/contratos\/aviso-legal-y-politica-de-privacidad-de-datos  <\/p>\n\n<p>G Suite: servicio de gesti\u00f3n de empresas, ofrecido por Google LLC. Este servicio est\u00e1 a cargo de la empresa Google LLC, ubicada en Mountain View, California, Estados Unidos de Am\u00e9rica. puede consultar: https:\/\/policies.google.com\/privacy  <\/p>\n\n<p>Gmail: es un servicio de correo electr\u00f3nico. Este servicio est\u00e1 a cargo de la empresa Google LLC, ubicada en Mountain View, California, Estados Unidos de Am\u00e9rica. https:\/\/policies.google.com\/privacy  <\/p>\n\n<p>Google Ads: sistema de publicidad patrocinada a cargo de la empresa Google LLC, ubicada en Mountain View, California, Estados Unidos de Am\u00e9rica. Han adoptado cl\u00e1usulas tipos de procesamiento de datos aprobadas por la Comisi\u00f3n Europea que pueden ser consultadas en: https:\/\/cloud.google.com\/security\/gdpr\/resource-center. Si desea obtener m\u00e1s informaci\u00f3n sobre su pol\u00edtica de privacidad puede consultar: https:\/\/policies.google.com\/privacy <\/p>\n\n<p>Google Analytics: Servicio de an\u00e1lisis web, para ver las estad\u00edsticas del uso del sitio web, a cargo de la empresa Google LLC, ubicada en Mountain View, California, Estados Unidos de Am\u00e9rica. Han adoptado cl\u00e1usulas tipos de procesamiento de datos aprobadas por la Comisi\u00f3n Europea que pueden ser consultadas en: https:\/\/cloud.google.com\/security\/gdpr\/resource-center. Si desea obtener m\u00e1s informaci\u00f3n sobre su pol\u00edtica de privacidad puede consultar: https:\/\/policies.google.com\/privacy <\/p>\n\n<p>Google Drive: herramienta dedicada a almacenar en la nube una copia de seguridad de los archivos y acceder f\u00e1cilmente a ella. Este servicio est\u00e1 a cargo de la empresa Google LLC, ubicada en Mountain View, California, Estados Unidos de Am\u00e9rica. https:\/\/cloud.google.com\/security\/gdpr\/resource-center. Si desea obtener m\u00e1s informaci\u00f3n sobre su pol\u00edtica de privacidad puede consultar: https:\/\/policies.google.com\/privacy  <\/p>\n\n<p>Google Tag Manager: sistema de gesti\u00f3n de etiquetas a cargo de la empresa Google LLC, ubicada en Mountain View, California, Estados Unidos de Am\u00e9rica. Han adoptado cl\u00e1usulas tipos de procesamiento de datos aprobadas por la Comisi\u00f3n Europea que pueden ser consultadas en: https:\/\/cloud.google.com\/security\/gdpr\/resource-center. Si desea obtener m\u00e1s informaci\u00f3n sobre su pol\u00edtica de privacidad puede consultar: https:\/\/policies.google.com\/privacy<\/p>\n\n<p>Instagram: Red social y aplicaci\u00f3n para subir fotos y v\u00eddeos cuyo propietario es la empresa Facebook Inc., que est\u00e1 ubicada en 1601 Willow Road Menlo Park, CA 94025, Estados Unidos de Am\u00e9rica. En caso de estar fuera de Estados Unidos de Am\u00e9rica o Canad\u00e1, la entidad de control de datos responsable de la informaci\u00f3n es Facebook Ireland Ltd., que se encuentra ubicada en 4 Grand Canal Square Grand Canal Harbour, Dubl\u00edn 2, Irlanda. Han adoptado cl\u00e1usulas tipos de procesamiento de datos aprobadas por la Comisi\u00f3n Europea que pueden ser consultadas en: https:\/\/www.facebook.com\/legal\/terms\/dataprocessing. Para obtener m\u00e1s informaci\u00f3n sobre la pol\u00edtica de privacidad introduzca en: https:\/\/help.instagram.com\/155833707900388  <\/p>\n","protected":false},"excerpt":{"rendered":"<p>Responsable de los datos personales: N\u00faria Farr\u00e9s Llobet, con DNI 53127369Z y domicilio en Camprodon 9 bajos 08402 Granollers (Barcelona), Espa\u00f1a, en adelante \u201cN\u00faria Farr\u00e9s\u201d, y cuyo correo electr\u00f3nico de contacto es nuriafarres@gmail.com. Datos solicitados en el sitio web y finalidad del tratamiento. Nombre, apellidos y correo electr\u00f3nico en los formularios de contacto: para realizar [&hellip;]<\/p>\n","protected":false},"author":3,"featured_media":0,"parent":0,"menu_order":0,"comment_status":"closed","ping_status":"closed","template":"","meta":{"_acf_changed":false,"footnotes":""},"class_list":["post-1926","page","type-page","status-publish","hentry"],"acf":[],"yoast_head":"<!-- This site is optimized with the Yoast SEO plugin v25.5 - https:\/\/yoast.com\/wordpress\/plugins\/seo\/ -->\n<title>Pol\u00edtica de privacidad - La N\u00faria Farr\u00e9s<\/title>\n<meta name=\"robots\" content=\"index, follow, max-snippet:-1, max-image-preview:large, max-video-preview:-1\" \/>\n<link rel=\"canonical\" href=\"https:\/\/lanuriafarres.com\/es\/politica-de-privacidad\/\" \/>\n<meta property=\"og:locale\" content=\"es_ES\" \/>\n<meta property=\"og:type\" content=\"article\" \/>\n<meta property=\"og:title\" content=\"Pol\u00edtica de privacidad - La N\u00faria Farr\u00e9s\" \/>\n<meta property=\"og:description\" content=\"Responsable de los datos personales: N\u00faria Farr\u00e9s Llobet, con DNI 53127369Z y domicilio en Camprodon 9 bajos 08402 Granollers (Barcelona), Espa\u00f1a, en adelante \u201cN\u00faria Farr\u00e9s\u201d, y cuyo correo electr\u00f3nico de contacto es nuriafarres@gmail.com. Datos solicitados en el sitio web y finalidad del tratamiento. Nombre, apellidos y correo electr\u00f3nico en los formularios de contacto: para realizar [&hellip;]\" \/>\n<meta property=\"og:url\" content=\"https:\/\/lanuriafarres.com\/es\/politica-de-privacidad\/\" \/>\n<meta property=\"og:site_name\" content=\"La N\u00faria Farr\u00e9s\" \/>\n<meta property=\"article:modified_time\" content=\"2025-07-17T11:36:33+00:00\" \/>\n<meta name=\"twitter:card\" content=\"summary_large_image\" \/>\n<meta name=\"twitter:label1\" content=\"Tiempo de lectura\" \/>\n\t<meta name=\"twitter:data1\" content=\"7 minutos\" \/>\n<script type=\"application\/ld+json\" class=\"yoast-schema-graph\">{\"@context\":\"https:\/\/schema.org\",\"@graph\":[{\"@type\":\"WebPage\",\"@id\":\"https:\/\/lanuriafarres.com\/es\/politica-de-privacidad\/\",\"url\":\"https:\/\/lanuriafarres.com\/es\/politica-de-privacidad\/\",\"name\":\"Pol\u00edtica de privacidad - La N\u00faria Farr\u00e9s\",\"isPartOf\":{\"@id\":\"https:\/\/lanuriafarres.com\/es\/#website\"},\"datePublished\":\"2024-11-14T14:23:05+00:00\",\"dateModified\":\"2025-07-17T11:36:33+00:00\",\"breadcrumb\":{\"@id\":\"https:\/\/lanuriafarres.com\/es\/politica-de-privacidad\/#breadcrumb\"},\"inLanguage\":\"es\",\"potentialAction\":[{\"@type\":\"ReadAction\",\"target\":[\"https:\/\/lanuriafarres.com\/es\/politica-de-privacidad\/\"]}]},{\"@type\":\"BreadcrumbList\",\"@id\":\"https:\/\/lanuriafarres.com\/es\/politica-de-privacidad\/#breadcrumb\",\"itemListElement\":[{\"@type\":\"ListItem\",\"position\":1,\"name\":\"Portada\",\"item\":\"https:\/\/lanuriafarres.com\/es\/inicio\/\"},{\"@type\":\"ListItem\",\"position\":2,\"name\":\"Pol\u00edtica de privacidad\"}]},{\"@type\":\"WebSite\",\"@id\":\"https:\/\/lanuriafarres.com\/es\/#website\",\"url\":\"https:\/\/lanuriafarres.com\/es\/\",\"name\":\"La N\u00faria Farr\u00e9s\",\"description\":\"Web de N\u00faria Farr\u00e9s\",\"publisher\":{\"@id\":\"https:\/\/lanuriafarres.com\/es\/#\/schema\/person\/6f42468ebf606d1d70f5e2bf2607e02c\"},\"potentialAction\":[{\"@type\":\"SearchAction\",\"target\":{\"@type\":\"EntryPoint\",\"urlTemplate\":\"https:\/\/lanuriafarres.com\/es\/?s={search_term_string}\"},\"query-input\":{\"@type\":\"PropertyValueSpecification\",\"valueRequired\":true,\"valueName\":\"search_term_string\"}}],\"inLanguage\":\"es\"},{\"@type\":[\"Person\",\"Organization\"],\"@id\":\"https:\/\/lanuriafarres.com\/es\/#\/schema\/person\/6f42468ebf606d1d70f5e2bf2607e02c\",\"name\":\"N\u00faria Farr\u00e9s\",\"image\":{\"@type\":\"ImageObject\",\"inLanguage\":\"es\",\"@id\":\"https:\/\/lanuriafarres.com\/es\/#\/schema\/person\/image\/\",\"url\":\"https:\/\/lanuriafarres.com\/wp-content\/uploads\/2025\/03\/LaNuriaFarres.svg\",\"contentUrl\":\"https:\/\/lanuriafarres.com\/wp-content\/uploads\/2025\/03\/LaNuriaFarres.svg\",\"width\":1,\"height\":1,\"caption\":\"N\u00faria Farr\u00e9s\"},\"logo\":{\"@id\":\"https:\/\/lanuriafarres.com\/es\/#\/schema\/person\/image\/\"}}]}<\/script>\n<!-- \/ Yoast SEO plugin. -->","yoast_head_json":{"title":"Pol\u00edtica de privacidad - La N\u00faria Farr\u00e9s","robots":{"index":"index","follow":"follow","max-snippet":"max-snippet:-1","max-image-preview":"max-image-preview:large","max-video-preview":"max-video-preview:-1"},"canonical":"https:\/\/lanuriafarres.com\/es\/politica-de-privacidad\/","og_locale":"es_ES","og_type":"article","og_title":"Pol\u00edtica de privacidad - La N\u00faria Farr\u00e9s","og_description":"Responsable de los datos personales: N\u00faria Farr\u00e9s Llobet, con DNI 53127369Z y domicilio en Camprodon 9 bajos 08402 Granollers (Barcelona), Espa\u00f1a, en adelante \u201cN\u00faria Farr\u00e9s\u201d, y cuyo correo electr\u00f3nico de contacto es nuriafarres@gmail.com. Datos solicitados en el sitio web y finalidad del tratamiento. Nombre, apellidos y correo electr\u00f3nico en los formularios de contacto: para realizar [&hellip;]","og_url":"https:\/\/lanuriafarres.com\/es\/politica-de-privacidad\/","og_site_name":"La N\u00faria Farr\u00e9s","article_modified_time":"2025-07-17T11:36:33+00:00","twitter_card":"summary_large_image","twitter_misc":{"Tiempo de lectura":"7 minutos"},"schema":{"@context":"https:\/\/schema.org","@graph":[{"@type":"WebPage","@id":"https:\/\/lanuriafarres.com\/es\/politica-de-privacidad\/","url":"https:\/\/lanuriafarres.com\/es\/politica-de-privacidad\/","name":"Pol\u00edtica de privacidad - La N\u00faria Farr\u00e9s","isPartOf":{"@id":"https:\/\/lanuriafarres.com\/es\/#website"},"datePublished":"2024-11-14T14:23:05+00:00","dateModified":"2025-07-17T11:36:33+00:00","breadcrumb":{"@id":"https:\/\/lanuriafarres.com\/es\/politica-de-privacidad\/#breadcrumb"},"inLanguage":"es","potentialAction":[{"@type":"ReadAction","target":["https:\/\/lanuriafarres.com\/es\/politica-de-privacidad\/"]}]},{"@type":"BreadcrumbList","@id":"https:\/\/lanuriafarres.com\/es\/politica-de-privacidad\/#breadcrumb","itemListElement":[{"@type":"ListItem","position":1,"name":"Portada","item":"https:\/\/lanuriafarres.com\/es\/inicio\/"},{"@type":"ListItem","position":2,"name":"Pol\u00edtica de privacidad"}]},{"@type":"WebSite","@id":"https:\/\/lanuriafarres.com\/es\/#website","url":"https:\/\/lanuriafarres.com\/es\/","name":"La N\u00faria Farr\u00e9s","description":"Web de N\u00faria Farr\u00e9s","publisher":{"@id":"https:\/\/lanuriafarres.com\/es\/#\/schema\/person\/6f42468ebf606d1d70f5e2bf2607e02c"},"potentialAction":[{"@type":"SearchAction","target":{"@type":"EntryPoint","urlTemplate":"https:\/\/lanuriafarres.com\/es\/?s={search_term_string}"},"query-input":{"@type":"PropertyValueSpecification","valueRequired":true,"valueName":"search_term_string"}}],"inLanguage":"es"},{"@type":["Person","Organization"],"@id":"https:\/\/lanuriafarres.com\/es\/#\/schema\/person\/6f42468ebf606d1d70f5e2bf2607e02c","name":"N\u00faria Farr\u00e9s","image":{"@type":"ImageObject","inLanguage":"es","@id":"https:\/\/lanuriafarres.com\/es\/#\/schema\/person\/image\/","url":"https:\/\/lanuriafarres.com\/wp-content\/uploads\/2025\/03\/LaNuriaFarres.svg","contentUrl":"https:\/\/lanuriafarres.com\/wp-content\/uploads\/2025\/03\/LaNuriaFarres.svg","width":1,"height":1,"caption":"N\u00faria Farr\u00e9s"},"logo":{"@id":"https:\/\/lanuriafarres.com\/es\/#\/schema\/person\/image\/"}}]}},"_links":{"self":[{"href":"https:\/\/lanuriafarres.com\/es\/wp-json\/wp\/v2\/pages\/1926","targetHints":{"allow":["GET"]}}],"collection":[{"href":"https:\/\/lanuriafarres.com\/es\/wp-json\/wp\/v2\/pages"}],"about":[{"href":"https:\/\/lanuriafarres.com\/es\/wp-json\/wp\/v2\/types\/page"}],"author":[{"embeddable":true,"href":"https:\/\/lanuriafarres.com\/es\/wp-json\/wp\/v2\/users\/3"}],"replies":[{"embeddable":true,"href":"https:\/\/lanuriafarres.com\/es\/wp-json\/wp\/v2\/comments?post=1926"}],"version-history":[{"count":2,"href":"https:\/\/lanuriafarres.com\/es\/wp-json\/wp\/v2\/pages\/1926\/revisions"}],"predecessor-version":[{"id":2031,"href":"https:\/\/lanuriafarres.com\/es\/wp-json\/wp\/v2\/pages\/1926\/revisions\/2031"}],"wp:attachment":[{"href":"https:\/\/lanuriafarres.com\/es\/wp-json\/wp\/v2\/media?parent=1926"}],"curies":[{"name":"wp","href":"https:\/\/api.w.org\/{rel}","templated":true}]}}