{"id":1928,"date":"2025-03-12T14:52:41","date_gmt":"2025-03-12T13:52:41","guid":{"rendered":"https:\/\/lanuriafarres.com\/politica-de-cookies\/"},"modified":"2025-07-17T13:36:34","modified_gmt":"2025-07-17T11:36:34","slug":"politica-de-cookies","status":"publish","type":"page","link":"https:\/\/lanuriafarres.com\/es\/politica-de-cookies\/","title":{"rendered":"Pol\u00edtica de cookies"},"content":{"rendered":"\n<p>\u00daltima actualizaci\u00f3n: 15 de Marzo de 2025<\/p>\n\n<p>N\u00faria Farr\u00e9s Llobet], con domicilio en Camprodon 9 bajos, 08402 Granollers y correo electr\u00f3nico nuriafarres@gmail.com, como responsable de este sitio web, le informa sobre el uso de cookies.<\/p>\n\n<p>\u00bfQU\u00c9 SON LAS COOKIES?<\/p>\n\n<p>Las cookies o cookies son peque\u00f1os archivos de texto que se instalan en los equipos desde los que se accede a nuestro sitio web. Entre otras finalidades, las cookies registran las preferencias y h\u00e1bitos de navegaci\u00f3n de un usuario. Se asocian al usuario ya su equipo, pero no proporcionan datos directamente identificativos. Algunas cookies, por ejemplo las que permiten elaborar estad\u00edsticas o publicitarias, necesitan el consentimiento del usuario de nuestro sitio. En cambio, otras cookies, las de car\u00e1cter t\u00e9cnico o las necesarias para ofrecer un servicio solicitado por el usuario, son imprescindibles para el funcionamiento del sitio.    <\/p>\n\n<p>CONSENTIMIENTO<\/p>\n\n<p>Al acceder a nuestro sitio web, se le mostrar\u00e1 un banner informativo que le permitir\u00e1 aceptar todas las cookies, rechazarlas o personalizar su configuraci\u00f3n. Puede cambiar sus preferencias en cualquier momento accediendo a esta pol\u00edtica de cookies. <\/p>\n\n<p>TIPO DE COOKIES<\/p>\n\n<p>Las cookies se pueden clasificar seg\u00fan su vigencia, quien las gestiona o su finalidad:<\/p>\n\n<p>SEG\u00daN LA VIGENCIA<\/p>\n\n<p>De sesi\u00f3n: son temporales y quedan en el archivo de cookies de su navegador hasta el momento en que abandone el sitio web.<\/p>\n\n<p>Persistentes: quedan almacenadas y el sitio web los lee cada vez que realiza una visita.<\/p>\n\n<p>SEG\u00daN QUIEN LAS GESTIONE<\/p>\n\n<p>Propias: son las propias del titular del sitio web desde el que se prestan los servicios al usuario.<\/p>\n\n<p>De terceros: se env\u00edan al usuario por parte de un tercero, distinto al titular del sitio.<\/p>\n\n<p>SEG\u00daN LA FINALIDAD<\/p>\n\n<p>Necesarias: las imprescindibles para facilitar su conexi\u00f3n. No existe opci\u00f3n de inhabilitarlas, dado que son las necesarias para el funcionamiento del sitio web. <\/p>\n\n<p>T\u00e9cnicas: las que permiten controlar el tr\u00e1fico y comunicaci\u00f3n de datos, identificar la sesi\u00f3n y acceder a p\u00e1ginas de acceso restringido, entre otras.<\/p>\n\n<p>De preferencias: permiten recordar sus opciones (por ejemplo lengua o regi\u00f3n desde la que acceda), para proporcionarle servicios avanzados.<\/p>\n\n<p>Anal\u00edticas: proporcionan informaci\u00f3n estad\u00edstica y permiten mejorar los servicios. Utilizamos cookies de Google Analytics que puede desactivar instal\u00e1ndose este plugin. <\/p>\n\n<p>De publicidad: para ofrecer contenidos publicitarios relacionados con los intereses del usuario, bien directamente, bien por medio de terceros (\u201cadservers\u201d).<\/p>\n\n<p>De geolocalizaci\u00f3n: para conocer la localizaci\u00f3n geogr\u00e1fica del usuario.<\/p>\n\n<p>COOKIES UTILIZADAS EN ESTE SITIO WEB<\/p>\n\n<p>Enumeramos las cookies que utiliza nuestro sitio web, dando opci\u00f3n (\u00faltima columna) a que cada usuario autorice su descarga:<\/p>\n\n<p>FINALIDADProveedorNOMBRE de la cookieGesti\u00f3n VIGENCIAFUNCI\u00d3NDOMINIAnal\u00edticasGOOGLE_ga,<\/p>\n\n<p>_utma, _utmb3ers2 a\u00f1os (_ga, _utma), 30 minutos(_utmb)Realizar estad\u00edsticas[dominio del sitio web]<\/p>\n\n<p>TRANSFERENCIA INTERNACIONAL DE DATOS<\/p>\n\n<p>Algunas de las cookies utilizadas, como las de Google Analytics, implican una transferencia internacional de datos a pa\u00edses que pueden no ofrecer un nivel de protecci\u00f3n equivalente al de la Uni\u00f3n Europea Al aceptar estas cookies, consiente estas transferencias. <\/p>\n\n<p>C\u00d3MO GESTIONAR LAS COOKIES<\/p>\n\n<p>Usted puede revocar el consentimiento sobre la utilizaci\u00f3n de cookies elimin\u00e1ndolas por medio de las opciones que le ofrece su navegador. Tambi\u00e9n puede configurar su navegador para que le informe previamente de la posible instalaci\u00f3n de cookies. En los siguientes enlaces encontrar\u00e1 informaci\u00f3n sobre c\u00f3mo hacerlo:  <\/p>\n\n<p>Por Firefox: <a href=\"http:\/\/support.mozilla.org\/es\/kb\/habilitar-y-deshabilitar-cookies-que-los-sitios-we\">http:\/\/support.mozilla.org\/es\/kb\/habilitar-y-deshabilitar-cookies-que-los-sitios-we<\/a> <\/p>\n\n<p>Por Chrome: <a href=\"https:\/\/support.google.com\/chrome\/bin\/answer.py?hl=es&amp;answer=95647\">https:\/\/support.google.com\/chrome\/bin\/answer.py?hl=es&amp;answer=95647<\/a> <\/p>\n\n<p>Por Explorer: <a href=\"https:\/\/support.microsoft.com\/es-es\/help\/17442\/windows-internet-explorer-delete-manage-cookies\">https:\/\/support.microsoft.com\/es-es\/help\/17442\/windows-internet-explorer-delete-manage-cookies<\/a> <\/p>\n\n<p>Por Edge (enlace)<\/p>\n\n<p>Por Safari por IOS: <a href=\"https:\/\/support.apple.com\/kb\/PH19214?viewlocale=es_ES&amp;locale=es_ES\">https:\/\/support.apple.com\/kb\/PH19214?viewlocale=es_ES&amp;locale=es_ES<\/a><\/p>\n\n<p>Por Opera (enlace)<\/p>\n\n<p>DERECHOS DEL USUARIO<\/p>\n\n<p>Puede ejercer sus derechos de acceso, rectificaci\u00f3n, supresi\u00f3n, limitaci\u00f3n, portabilidad y oposici\u00f3n contactando con nosotros en[email] . Tambi\u00e9n tiene derecho a presentar una reclamaci\u00f3n ante la Autoridad Catalana de Protecci\u00f3n de Datos (apdcat.gencat.cat).<\/p>\n\n<p>CAMBIOS EN LA POL\u00cdTICA DE COOKIES<\/p>\n\n<p>Es posible que actualicemos la Pol\u00edtica de Cookies de nuestro sitio web. Por ello, le recomendamos revisar esta pol\u00edtica cada vez que acceda a nuestro sitio web con el objetivo de estar adecuadamente informado sobre c\u00f3mo y por qu\u00e9 utilizamos las cookies.<\/p>\n","protected":false},"excerpt":{"rendered":"<p>\u00daltima actualizaci\u00f3n: 15 de Marzo de 2025 N\u00faria Farr\u00e9s Llobet], con domicilio en Camprodon 9 bajos, 08402 Granollers y correo electr\u00f3nico nuriafarres@gmail.com, como responsable de este sitio web, le informa sobre el uso de cookies. \u00bfQU\u00c9 SON LAS COOKIES? Las cookies o cookies son peque\u00f1os archivos de texto que se instalan en los equipos desde [&hellip;]<\/p>\n","protected":false},"author":3,"featured_media":0,"parent":0,"menu_order":0,"comment_status":"closed","ping_status":"closed","template":"","meta":{"_acf_changed":false,"footnotes":""},"class_list":["post-1928","page","type-page","status-publish","hentry"],"acf":[],"yoast_head":"<!-- This site is optimized with the Yoast SEO plugin v25.5 - https:\/\/yoast.com\/wordpress\/plugins\/seo\/ -->\n<title>Pol\u00edtica de cookies - La N\u00faria Farr\u00e9s<\/title>\n<meta name=\"robots\" content=\"index, follow, max-snippet:-1, max-image-preview:large, max-video-preview:-1\" \/>\n<link rel=\"canonical\" href=\"https:\/\/lanuriafarres.com\/es\/politica-de-cookies\/\" \/>\n<meta property=\"og:locale\" content=\"es_ES\" \/>\n<meta property=\"og:type\" content=\"article\" \/>\n<meta property=\"og:title\" content=\"Pol\u00edtica de cookies - La N\u00faria Farr\u00e9s\" \/>\n<meta property=\"og:description\" content=\"\u00daltima actualizaci\u00f3n: 15 de Marzo de 2025 N\u00faria Farr\u00e9s Llobet], con domicilio en Camprodon 9 bajos, 08402 Granollers y correo electr\u00f3nico nuriafarres@gmail.com, como responsable de este sitio web, le informa sobre el uso de cookies. \u00bfQU\u00c9 SON LAS COOKIES? Las cookies o cookies son peque\u00f1os archivos de texto que se instalan en los equipos desde [&hellip;]\" \/>\n<meta property=\"og:url\" content=\"https:\/\/lanuriafarres.com\/es\/politica-de-cookies\/\" \/>\n<meta property=\"og:site_name\" content=\"La N\u00faria Farr\u00e9s\" \/>\n<meta property=\"article:modified_time\" content=\"2025-07-17T11:36:34+00:00\" \/>\n<meta name=\"twitter:card\" content=\"summary_large_image\" \/>\n<meta name=\"twitter:label1\" content=\"Tiempo de lectura\" \/>\n\t<meta name=\"twitter:data1\" content=\"4 minutos\" \/>\n<script type=\"application\/ld+json\" class=\"yoast-schema-graph\">{\"@context\":\"https:\/\/schema.org\",\"@graph\":[{\"@type\":\"WebPage\",\"@id\":\"https:\/\/lanuriafarres.com\/es\/politica-de-cookies\/\",\"url\":\"https:\/\/lanuriafarres.com\/es\/politica-de-cookies\/\",\"name\":\"Pol\u00edtica de cookies - La N\u00faria Farr\u00e9s\",\"isPartOf\":{\"@id\":\"https:\/\/lanuriafarres.com\/es\/#website\"},\"datePublished\":\"2025-03-12T13:52:41+00:00\",\"dateModified\":\"2025-07-17T11:36:34+00:00\",\"breadcrumb\":{\"@id\":\"https:\/\/lanuriafarres.com\/es\/politica-de-cookies\/#breadcrumb\"},\"inLanguage\":\"es\",\"potentialAction\":[{\"@type\":\"ReadAction\",\"target\":[\"https:\/\/lanuriafarres.com\/es\/politica-de-cookies\/\"]}]},{\"@type\":\"BreadcrumbList\",\"@id\":\"https:\/\/lanuriafarres.com\/es\/politica-de-cookies\/#breadcrumb\",\"itemListElement\":[{\"@type\":\"ListItem\",\"position\":1,\"name\":\"Portada\",\"item\":\"https:\/\/lanuriafarres.com\/es\/inicio\/\"},{\"@type\":\"ListItem\",\"position\":2,\"name\":\"Pol\u00edtica de cookies\"}]},{\"@type\":\"WebSite\",\"@id\":\"https:\/\/lanuriafarres.com\/es\/#website\",\"url\":\"https:\/\/lanuriafarres.com\/es\/\",\"name\":\"La N\u00faria Farr\u00e9s\",\"description\":\"Web de N\u00faria Farr\u00e9s\",\"publisher\":{\"@id\":\"https:\/\/lanuriafarres.com\/es\/#\/schema\/person\/6f42468ebf606d1d70f5e2bf2607e02c\"},\"potentialAction\":[{\"@type\":\"SearchAction\",\"target\":{\"@type\":\"EntryPoint\",\"urlTemplate\":\"https:\/\/lanuriafarres.com\/es\/?s={search_term_string}\"},\"query-input\":{\"@type\":\"PropertyValueSpecification\",\"valueRequired\":true,\"valueName\":\"search_term_string\"}}],\"inLanguage\":\"es\"},{\"@type\":[\"Person\",\"Organization\"],\"@id\":\"https:\/\/lanuriafarres.com\/es\/#\/schema\/person\/6f42468ebf606d1d70f5e2bf2607e02c\",\"name\":\"N\u00faria Farr\u00e9s\",\"image\":{\"@type\":\"ImageObject\",\"inLanguage\":\"es\",\"@id\":\"https:\/\/lanuriafarres.com\/es\/#\/schema\/person\/image\/\",\"url\":\"https:\/\/lanuriafarres.com\/wp-content\/uploads\/2025\/03\/LaNuriaFarres.svg\",\"contentUrl\":\"https:\/\/lanuriafarres.com\/wp-content\/uploads\/2025\/03\/LaNuriaFarres.svg\",\"width\":1,\"height\":1,\"caption\":\"N\u00faria Farr\u00e9s\"},\"logo\":{\"@id\":\"https:\/\/lanuriafarres.com\/es\/#\/schema\/person\/image\/\"}}]}<\/script>\n<!-- \/ Yoast SEO plugin. -->","yoast_head_json":{"title":"Pol\u00edtica de cookies - La N\u00faria Farr\u00e9s","robots":{"index":"index","follow":"follow","max-snippet":"max-snippet:-1","max-image-preview":"max-image-preview:large","max-video-preview":"max-video-preview:-1"},"canonical":"https:\/\/lanuriafarres.com\/es\/politica-de-cookies\/","og_locale":"es_ES","og_type":"article","og_title":"Pol\u00edtica de cookies - La N\u00faria Farr\u00e9s","og_description":"\u00daltima actualizaci\u00f3n: 15 de Marzo de 2025 N\u00faria Farr\u00e9s Llobet], con domicilio en Camprodon 9 bajos, 08402 Granollers y correo electr\u00f3nico nuriafarres@gmail.com, como responsable de este sitio web, le informa sobre el uso de cookies. \u00bfQU\u00c9 SON LAS COOKIES? Las cookies o cookies son peque\u00f1os archivos de texto que se instalan en los equipos desde [&hellip;]","og_url":"https:\/\/lanuriafarres.com\/es\/politica-de-cookies\/","og_site_name":"La N\u00faria Farr\u00e9s","article_modified_time":"2025-07-17T11:36:34+00:00","twitter_card":"summary_large_image","twitter_misc":{"Tiempo de lectura":"4 minutos"},"schema":{"@context":"https:\/\/schema.org","@graph":[{"@type":"WebPage","@id":"https:\/\/lanuriafarres.com\/es\/politica-de-cookies\/","url":"https:\/\/lanuriafarres.com\/es\/politica-de-cookies\/","name":"Pol\u00edtica de cookies - La N\u00faria Farr\u00e9s","isPartOf":{"@id":"https:\/\/lanuriafarres.com\/es\/#website"},"datePublished":"2025-03-12T13:52:41+00:00","dateModified":"2025-07-17T11:36:34+00:00","breadcrumb":{"@id":"https:\/\/lanuriafarres.com\/es\/politica-de-cookies\/#breadcrumb"},"inLanguage":"es","potentialAction":[{"@type":"ReadAction","target":["https:\/\/lanuriafarres.com\/es\/politica-de-cookies\/"]}]},{"@type":"BreadcrumbList","@id":"https:\/\/lanuriafarres.com\/es\/politica-de-cookies\/#breadcrumb","itemListElement":[{"@type":"ListItem","position":1,"name":"Portada","item":"https:\/\/lanuriafarres.com\/es\/inicio\/"},{"@type":"ListItem","position":2,"name":"Pol\u00edtica de cookies"}]},{"@type":"WebSite","@id":"https:\/\/lanuriafarres.com\/es\/#website","url":"https:\/\/lanuriafarres.com\/es\/","name":"La N\u00faria Farr\u00e9s","description":"Web de N\u00faria Farr\u00e9s","publisher":{"@id":"https:\/\/lanuriafarres.com\/es\/#\/schema\/person\/6f42468ebf606d1d70f5e2bf2607e02c"},"potentialAction":[{"@type":"SearchAction","target":{"@type":"EntryPoint","urlTemplate":"https:\/\/lanuriafarres.com\/es\/?s={search_term_string}"},"query-input":{"@type":"PropertyValueSpecification","valueRequired":true,"valueName":"search_term_string"}}],"inLanguage":"es"},{"@type":["Person","Organization"],"@id":"https:\/\/lanuriafarres.com\/es\/#\/schema\/person\/6f42468ebf606d1d70f5e2bf2607e02c","name":"N\u00faria Farr\u00e9s","image":{"@type":"ImageObject","inLanguage":"es","@id":"https:\/\/lanuriafarres.com\/es\/#\/schema\/person\/image\/","url":"https:\/\/lanuriafarres.com\/wp-content\/uploads\/2025\/03\/LaNuriaFarres.svg","contentUrl":"https:\/\/lanuriafarres.com\/wp-content\/uploads\/2025\/03\/LaNuriaFarres.svg","width":1,"height":1,"caption":"N\u00faria Farr\u00e9s"},"logo":{"@id":"https:\/\/lanuriafarres.com\/es\/#\/schema\/person\/image\/"}}]}},"_links":{"self":[{"href":"https:\/\/lanuriafarres.com\/es\/wp-json\/wp\/v2\/pages\/1928","targetHints":{"allow":["GET"]}}],"collection":[{"href":"https:\/\/lanuriafarres.com\/es\/wp-json\/wp\/v2\/pages"}],"about":[{"href":"https:\/\/lanuriafarres.com\/es\/wp-json\/wp\/v2\/types\/page"}],"author":[{"embeddable":true,"href":"https:\/\/lanuriafarres.com\/es\/wp-json\/wp\/v2\/users\/3"}],"replies":[{"embeddable":true,"href":"https:\/\/lanuriafarres.com\/es\/wp-json\/wp\/v2\/comments?post=1928"}],"version-history":[{"count":2,"href":"https:\/\/lanuriafarres.com\/es\/wp-json\/wp\/v2\/pages\/1928\/revisions"}],"predecessor-version":[{"id":2032,"href":"https:\/\/lanuriafarres.com\/es\/wp-json\/wp\/v2\/pages\/1928\/revisions\/2032"}],"wp:attachment":[{"href":"https:\/\/lanuriafarres.com\/es\/wp-json\/wp\/v2\/media?parent=1928"}],"curies":[{"name":"wp","href":"https:\/\/api.w.org\/{rel}","templated":true}]}}