{"id":1934,"date":"2025-03-17T10:18:16","date_gmt":"2025-03-17T09:18:16","guid":{"rendered":"https:\/\/lanuriafarres.com\/contactame\/"},"modified":"2025-07-17T13:36:42","modified_gmt":"2025-07-17T11:36:42","slug":"contactame","status":"publish","type":"page","link":"https:\/\/lanuriafarres.com\/es\/contactame\/","title":{"rendered":"Cont\u00e1ctame!"},"content":{"rendered":"\t\t<div data-elementor-type=\"wp-page\" data-elementor-id=\"1934\" class=\"elementor elementor-1934 elementor-44\" data-elementor-post-type=\"page\">\n\t\t\t\t<div class=\"elementor-element elementor-element-66ba2647 e-flex e-con-boxed e-con e-parent\" data-id=\"66ba2647\" data-element_type=\"container\">\n\t\t\t\t\t<div class=\"e-con-inner\">\n\t\t<div class=\"elementor-element elementor-element-4cc2ff70 e-con-full e-flex e-con e-child\" data-id=\"4cc2ff70\" data-element_type=\"container\">\n\t\t\t\t<div class=\"elementor-element elementor-element-6ed46b4b elementor-widget elementor-widget-heading\" data-id=\"6ed46b4b\" data-element_type=\"widget\" data-widget_type=\"heading.default\">\n\t\t\t\t<div class=\"elementor-widget-container\">\n\t\t\t\t\t<h1 class=\"elementor-heading-title elementor-size-default\">N\u00faria Farr\u00e9s. Dise\u00f1o gr\u00e1fico en Barcelona, Granollers <\/h1>\t\t\t\t<\/div>\n\t\t\t\t<\/div>\n\t\t\t\t<\/div>\n\t\t<div class=\"elementor-element elementor-element-5350b976 e-con-full e-flex e-con e-child\" data-id=\"5350b976\" data-element_type=\"container\">\n\t\t<div class=\"elementor-element elementor-element-2708117a e-con-full e-flex e-con e-child\" data-id=\"2708117a\" data-element_type=\"container\">\n\t\t\t\t<div class=\"elementor-element elementor-element-af9d9e1 elementor-widget elementor-widget-image\" data-id=\"af9d9e1\" data-element_type=\"widget\" data-widget_type=\"image.default\">\n\t\t\t\t<div class=\"elementor-widget-container\">\n\t\t\t\t\t\t\t\t\t\t\t\t\t\t\t<img fetchpriority=\"high\" decoding=\"async\" width=\"430\" height=\"500\" src=\"https:\/\/lanuriafarres.com\/wp-content\/uploads\/2025\/04\/nuria_farres_disseny_comunicacio.jpg\" class=\"attachment-full size-full wp-image-1766\" alt=\"\" srcset=\"https:\/\/lanuriafarres.com\/wp-content\/uploads\/2025\/04\/nuria_farres_disseny_comunicacio.jpg 430w, https:\/\/lanuriafarres.com\/wp-content\/uploads\/2025\/04\/nuria_farres_disseny_comunicacio-258x300.jpg 258w\" sizes=\"(max-width: 430px) 100vw, 430px\" \/>\t\t\t\t\t\t\t\t\t\t\t\t\t\t\t<\/div>\n\t\t\t\t<\/div>\n\t\t\t\t<\/div>\n\t\t<div class=\"elementor-element elementor-element-3bd0e821 e-con-full e-flex e-con e-child\" data-id=\"3bd0e821\" data-element_type=\"container\">\n\t\t<div class=\"elementor-element elementor-element-8d5a70c alinearIzq e-flex e-con-boxed e-con e-child\" data-id=\"8d5a70c\" data-element_type=\"container\">\n\t\t\t\t\t<div class=\"e-con-inner\">\n\t\t\t\t<div class=\"elementor-element elementor-element-9c2b96c elementor-widget elementor-widget-heading\" data-id=\"9c2b96c\" data-element_type=\"widget\" data-widget_type=\"heading.default\">\n\t\t\t\t<div class=\"elementor-widget-container\">\n\t\t\t\t\t<h2 class=\"elementor-heading-title elementor-size-default\">Me gusta implicarme en nuevos proyectos.<\/h2>\t\t\t\t<\/div>\n\t\t\t\t<\/div>\n\t\t\t\t<div class=\"elementor-element elementor-element-37c2fcb elementor-widget elementor-widget-text-editor\" data-id=\"37c2fcb\" data-element_type=\"widget\" data-widget_type=\"text-editor.default\">\n\t\t\t\t<div class=\"elementor-widget-container\">\n\t\t\t\t\t\t\t\t\t<p class=\"p1\"><span class=\"s1\">\u00bfTienes una idea?<\/span><\/p>\t\t\t\t\t\t\t\t<\/div>\n\t\t\t\t<\/div>\n\t\t\t\t<div class=\"elementor-element elementor-element-b7c07cd elementor-widget__width-initial link-negre elementor-widget elementor-widget-text-editor\" data-id=\"b7c07cd\" data-element_type=\"widget\" data-widget_type=\"text-editor.default\">\n\t\t\t\t<div class=\"elementor-widget-container\">\n\t\t\t\t\t\t\t\t\t<p>Ll\u00e1mame, env\u00edame <span style=\"text-decoration: underline;\"><a href=\"https:\/\/wa.me\/34676114375\">whatsapp<\/a><\/span> o <span style=\"text-decoration: underline;\"><a href=\"mailto:%20nuria@lanuriafarres.com\">mail<\/a><\/span> y hablemos!<\/p>\t\t\t\t\t\t\t\t<\/div>\n\t\t\t\t<\/div>\n\t\t\t\t\t<\/div>\n\t\t\t\t<\/div>\n\t\t\t\t<\/div>\n\t\t\t\t<\/div>\n\t\t\t\t<div class=\"elementor-element elementor-element-8dd4df0 elementor-widget elementor-widget-text-editor\" data-id=\"8dd4df0\" data-element_type=\"widget\" data-widget_type=\"text-editor.default\">\n\t\t\t\t<div class=\"elementor-widget-container\">\n\t\t\t\t\t\t\t\t\t<p class=\"p1\"><span class=\"s1\">\u00a1Conozcamos!<\/span><\/p>\t\t\t\t\t\t\t\t<\/div>\n\t\t\t\t<\/div>\n\t\t\t\t<div class=\"elementor-element elementor-element-8258640 elementor-button-align-end elementor-widget__width-initial formulari link-negre elementor-widget elementor-widget-form\" data-id=\"8258640\" data-element_type=\"widget\" data-settings=\"{&quot;step_next_label&quot;:&quot;Siguiente&quot;,&quot;step_previous_label&quot;:&quot;Anterior&quot;,&quot;button_width&quot;:&quot;100&quot;,&quot;step_type&quot;:&quot;number_text&quot;,&quot;step_icon_shape&quot;:&quot;circle&quot;}\" data-widget_type=\"form.default\">\n\t\t\t\t<div class=\"elementor-widget-container\">\n\t\t\t\t\t\t\t<form class=\"elementor-form\" method=\"post\" id=\"formulari_contactam\" name=\"Formulario contacto\" aria-label=\"Formulario contacto\">\n\t\t\t<input type=\"hidden\" name=\"post_id\" value=\"1934\"\/>\n\t\t\t<input type=\"hidden\" name=\"form_id\" value=\"8258640\"\/>\n\t\t\t<input type=\"hidden\" name=\"referer_title\" value=\"Cont\u00e1ctame! - La N\u00faria Farr\u00e9s\" \/>\n\n\t\t\t\t\t\t\t<input type=\"hidden\" name=\"queried_id\" value=\"1934\"\/>\n\t\t\t\n\t\t\t<div class=\"elementor-form-fields-wrapper elementor-labels-\">\n\t\t\t\t\t\t\t\t<div class=\"elementor-field-type-text elementor-field-group elementor-column elementor-field-group-nom elementor-col-100\">\n\t\t\t\t\t\t\t\t\t\t\t\t<label for=\"form-field-nom\" class=\"elementor-field-label elementor-screen-only\">\n\t\t\t\t\t\t\t\tNombre y apellidos\t\t\t\t\t\t\t<\/label>\n\t\t\t\t\t\t\t\t\t\t\t\t\t\t<input size=\"1\" type=\"text\" name=\"form_fields[nom]\" id=\"form-field-nom\" class=\"elementor-field elementor-size-sm  elementor-field-textual\" placeholder=\"Nombre y apellidos\">\n\t\t\t\t\t\t\t\t\t\t\t<\/div>\n\t\t\t\t\t\t\t\t<div class=\"elementor-field-type-email elementor-field-group elementor-column elementor-field-group-mail elementor-col-100 elementor-field-required\">\n\t\t\t\t\t\t\t\t\t\t\t\t<label for=\"form-field-mail\" class=\"elementor-field-label elementor-screen-only\">\n\t\t\t\t\t\t\t\tMail\t\t\t\t\t\t\t<\/label>\n\t\t\t\t\t\t\t\t\t\t\t\t\t\t<input size=\"1\" type=\"email\" name=\"form_fields[mail]\" id=\"form-field-mail\" class=\"elementor-field elementor-size-sm  elementor-field-textual\" placeholder=\"Mail\" required=\"required\">\n\t\t\t\t\t\t\t\t\t\t\t<\/div>\n\t\t\t\t\t\t\t\t<div class=\"elementor-field-type-tel elementor-field-group elementor-column elementor-field-group-mobil elementor-col-100 elementor-field-required\">\n\t\t\t\t\t\t\t\t\t\t\t\t<label for=\"form-field-mobil\" class=\"elementor-field-label elementor-screen-only\">\n\t\t\t\t\t\t\t\tM\u00f3vil\t\t\t\t\t\t\t<\/label>\n\t\t\t\t\t\t\t\t<input size=\"1\" type=\"tel\" name=\"form_fields[mobil]\" id=\"form-field-mobil\" class=\"elementor-field elementor-size-sm  elementor-field-textual\" placeholder=\"M\u00f3vil\" required=\"required\" pattern=\"[0-9()#&amp;+*-=.]+\" title=\"Solo se aceptan n\u00fameros y caracteres de tel\u00e9fono (#,-,*,etc).\">\n\n\t\t\t\t\t\t<\/div>\n\t\t\t\t\t\t\t\t<div class=\"elementor-field-type-text elementor-field-group elementor-column elementor-field-group-web elementor-col-100\">\n\t\t\t\t\t\t\t\t\t\t\t\t<label for=\"form-field-web\" class=\"elementor-field-label elementor-screen-only\">\n\t\t\t\t\t\t\t\tWeb\t\t\t\t\t\t\t<\/label>\n\t\t\t\t\t\t\t\t\t\t\t\t\t\t<input size=\"1\" type=\"text\" name=\"form_fields[web]\" id=\"form-field-web\" class=\"elementor-field elementor-size-sm  elementor-field-textual\" placeholder=\"Web\">\n\t\t\t\t\t\t\t\t\t\t\t<\/div>\n\t\t\t\t\t\t\t\t<div class=\"elementor-field-type-text elementor-field-group elementor-column elementor-field-group-xarxes elementor-col-100\">\n\t\t\t\t\t\t\t\t\t\t\t\t<label for=\"form-field-xarxes\" class=\"elementor-field-label elementor-screen-only\">\n\t\t\t\t\t\t\t\tInstagram u otras redes\t\t\t\t\t\t\t<\/label>\n\t\t\t\t\t\t\t\t\t\t\t\t\t\t<input size=\"1\" type=\"text\" name=\"form_fields[xarxes]\" id=\"form-field-xarxes\" class=\"elementor-field elementor-size-sm  elementor-field-textual\" placeholder=\"Instagram u otras redes\">\n\t\t\t\t\t\t\t\t\t\t\t<\/div>\n\t\t\t\t\t\t\t\t<div class=\"elementor-field-type-html elementor-field-group elementor-column elementor-field-group-field_c4d02cb elementor-col-25\">\n\t\t\t\t\t\u00bfCon qu\u00e9 puedo ayudarte?\t\t\t\t<\/div>\n\t\t\t\t\t\t\t\t<div class=\"elementor-field-type-checkbox elementor-field-group elementor-column elementor-field-group-servei elementor-col-60\">\n\t\t\t\t\t\t\t\t\t\t\t\t<label for=\"form-field-servei\" class=\"elementor-field-label elementor-screen-only\">\n\t\t\t\t\t\t\t\t\u00bfCon qu\u00e9 puedo ayudarte?\t\t\t\t\t\t\t<\/label>\n\t\t\t\t\t\t<div class=\"elementor-field-subgroup  \"><span class=\"elementor-field-option\"><input type=\"checkbox\" value=\"Identidad corporativa\/dise\u00f1o de tu marca\" id=\"form-field-servei-0\" name=\"form_fields[servei][]\"> <label for=\"form-field-servei-0\">Identidad corporativa\/dise\u00f1o de tu marca<\/label><\/span><span class=\"elementor-field-option\"><input type=\"checkbox\" value=\" Dise\u00f1o editorial\" id=\"form-field-servei-1\" name=\"form_fields[servei][]\"> <label for=\"form-field-servei-1\"> Dise\u00f1o editorial<\/label><\/span><span class=\"elementor-field-option\"><input type=\"checkbox\" value=\" Dise\u00f1o de proyecto personalizado\" id=\"form-field-servei-2\" name=\"form_fields[servei][]\"> <label for=\"form-field-servei-2\"> Dise\u00f1o de proyecto personalizado<\/label><\/span><span class=\"elementor-field-option\"><input type=\"checkbox\" value=\" Dise\u00f1o web\" id=\"form-field-servei-3\" name=\"form_fields[servei][]\"> <label for=\"form-field-servei-3\"> Dise\u00f1o web<\/label><\/span><span class=\"elementor-field-option\"><input type=\"checkbox\" value=\" Dise\u00f1o para comunicaci\u00f3n cultural\" id=\"form-field-servei-4\" name=\"form_fields[servei][]\"> <label for=\"form-field-servei-4\"> Dise\u00f1o para comunicaci\u00f3n cultural<\/label><\/span><span class=\"elementor-field-option\"><input type=\"checkbox\" value=\" Dise\u00f1o redes sociales\" id=\"form-field-servei-5\" name=\"form_fields[servei][]\"> <label for=\"form-field-servei-5\"> Dise\u00f1o redes sociales<\/label><\/span><span class=\"elementor-field-option\"><input type=\"checkbox\" value=\" Dise\u00f1o packaging\" id=\"form-field-servei-6\" name=\"form_fields[servei][]\"> <label for=\"form-field-servei-6\"> Dise\u00f1o packaging<\/label><\/span><\/div>\t\t\t\t<\/div>\n\t\t\t\t\t\t\t\t<div class=\"elementor-field-type-textarea elementor-field-group elementor-column elementor-field-group-resum elementor-col-100\">\n\t\t\t\t\t\t\t\t\t\t\t\t<label for=\"form-field-resum\" class=\"elementor-field-label elementor-screen-only\">\n\t\t\t\t\t\t\t\tCu\u00e9ntame tu idea, \u00bfcon qu\u00e9 puedo ayudarte?\t\t\t\t\t\t\t<\/label>\n\t\t\t\t\t\t<textarea class=\"elementor-field-textual elementor-field  elementor-size-sm\" name=\"form_fields[resum]\" id=\"form-field-resum\" rows=\"4\" placeholder=\"Cu\u00e9ntame tu idea, \u00bfcon qu\u00e9 puedo ayudarte?\"><\/textarea>\t\t\t\t<\/div>\n\t\t\t\t\t\t\t\t<div class=\"elementor-field-type-html elementor-field-group elementor-column elementor-field-group-field_c0ea6f2 elementor-col-25\">\n\t\t\t\t\t\u00bfTienes un presupuesto?\t\t\t\t<\/div>\n\t\t\t\t\t\t\t\t<div class=\"elementor-field-type-radio elementor-field-group elementor-column elementor-field-group-pressupost elementor-col-70\">\n\t\t\t\t\t\t\t\t\t\t\t\t<label for=\"form-field-pressupost\" class=\"elementor-field-label elementor-screen-only\">\n\t\t\t\t\t\t\t\tPresupuesto\t\t\t\t\t\t\t<\/label>\n\t\t\t\t\t\t<div class=\"elementor-field-subgroup  elementor-subgroup-inline\"><span class=\"elementor-field-option\"><input type=\"radio\" value=\"Menos de 500 \u20ac\" id=\"form-field-pressupost-0\" name=\"form_fields[pressupost]\"> <label for=\"form-field-pressupost-0\">Menos de 500 \u20ac<\/label><\/span><span class=\"elementor-field-option\"><input type=\"radio\" value=\" Entre 500-1.500 \u20ac\" id=\"form-field-pressupost-1\" name=\"form_fields[pressupost]\"> <label for=\"form-field-pressupost-1\"> Entre 500-1.500 \u20ac<\/label><\/span><span class=\"elementor-field-option\"><input type=\"radio\" value=\" M\u00e1s de 1.500\u20ac\" id=\"form-field-pressupost-2\" name=\"form_fields[pressupost]\"> <label for=\"form-field-pressupost-2\"> M\u00e1s de 1.500\u20ac<\/label><\/span><\/div>\t\t\t\t<\/div>\n\t\t\t\t\t\t\t\t<div class=\"elementor-field-type-textarea elementor-field-group elementor-column elementor-field-group-referencia elementor-col-100\">\n\t\t\t\t\t\t\t\t\t\t\t\t<label for=\"form-field-referencia\" class=\"elementor-field-label elementor-screen-only\">\n\t\t\t\t\t\t\t\t\u00bfC\u00f3mo me has conocido?\t\t\t\t\t\t\t<\/label>\n\t\t\t\t\t\t<textarea class=\"elementor-field-textual elementor-field  elementor-size-sm\" name=\"form_fields[referencia]\" id=\"form-field-referencia\" rows=\"4\" placeholder=\"\u00bfC\u00f3mo me has conocido?\"><\/textarea>\t\t\t\t<\/div>\n\t\t\t\t\t\t\t\t<div class=\"elementor-field-type-acceptance elementor-field-group elementor-column elementor-field-group-field_2d661cc elementor-col-100\">\n\t\t\t\t\t\t\t\t\t\t\t\t<label for=\"form-field-field_2d661cc\" class=\"elementor-field-label elementor-screen-only\">\n\t\t\t\t\t\t\t\tHe le\u00eddo y acepto la <a href=\"\/\/lanuriafarres.com\/politica-privacitat\/\">Pol\u00edtica de privacidad<\/a>\t\t\t\t\t\t\t<\/label>\n\t\t\t\t\t\t\t\t<div class=\"elementor-field-subgroup\">\n\t\t\t<span class=\"elementor-field-option\">\n\t\t\t\t<input type=\"checkbox\" name=\"form_fields[field_2d661cc]\" id=\"form-field-field_2d661cc\" class=\"elementor-field elementor-size-sm  elementor-acceptance-field\">\n\t\t\t\t<label for=\"form-field-field_2d661cc\">He le\u00eddo y acepto la <a href=\"\/\/lanuriafarres.com\/politica-privacitat\/\">Pol\u00edtica de privacidad<\/a><\/label>\t\t\t<\/span>\n\t\t<\/div>\n\t\t\t\t\t\t<\/div>\n\t\t\t\t\t\t\t\t<div class=\"elementor-field-type-acceptance elementor-field-group elementor-column elementor-field-group-field_d578912 elementor-col-100\">\n\t\t\t\t\t\t\t\t\t\t\t\t<label for=\"form-field-field_d578912\" class=\"elementor-field-label elementor-screen-only\">\n\t\t\t\t\t\t\t\tQuiero recibir La Contraforma, reflexiones desde una mirada creativa\t\t\t\t\t\t\t<\/label>\n\t\t\t\t\t\t\t\t<div class=\"elementor-field-subgroup\">\n\t\t\t<span class=\"elementor-field-option\">\n\t\t\t\t<input type=\"checkbox\" name=\"form_fields[field_d578912]\" id=\"form-field-field_d578912\" class=\"elementor-field elementor-size-sm  elementor-acceptance-field\">\n\t\t\t\t<label for=\"form-field-field_d578912\">Quiero recibir <span style=\"font-weight: 600;\">La Contraforma<\/span> , reflexiones desde una mirada creativa<\/label>\t\t\t<\/span>\n\t\t<\/div>\n\t\t\t\t\t\t<\/div>\n\t\t\t\t\t\t\t\t<div class=\"elementor-field-group elementor-column elementor-field-type-submit elementor-col-100 e-form__buttons\">\n\t\t\t\t\t<button class=\"elementor-button elementor-size-sm\" type=\"submit\">\n\t\t\t\t\t\t<span class=\"elementor-button-content-wrapper\">\n\t\t\t\t\t\t\t\t\t\t\t\t\t\t\t\t\t\t\t\t\t\t<span class=\"elementor-button-text\">ENVIAR<\/span>\n\t\t\t\t\t\t\t\t\t\t\t\t\t<\/span>\n\t\t\t\t\t<\/button>\n\t\t\t\t<\/div>\n\t\t\t<\/div>\n\t\t<\/form>\n\t\t\t\t\t\t<\/div>\n\t\t\t\t<\/div>\n\t\t\t\t\t<\/div>\n\t\t\t\t<\/div>\n\t\t\t\t<\/div>\n\t\t","protected":false},"excerpt":{"rendered":"<p>N\u00faria Farr\u00e9s. Dise\u00f1o gr\u00e1fico en Barcelona, Granollers Me gusta implicarme en nuevos proyectos. \u00bfTienes una idea? Ll\u00e1mame, env\u00edame whatsapp o mail y hablemos! \u00a1Conozcamos!<\/p>\n","protected":false},"author":3,"featured_media":0,"parent":0,"menu_order":0,"comment_status":"closed","ping_status":"closed","template":"","meta":{"_acf_changed":false,"footnotes":""},"class_list":["post-1934","page","type-page","status-publish","hentry"],"acf":[],"yoast_head":"<!-- This site is optimized with the Yoast SEO plugin v25.5 - https:\/\/yoast.com\/wordpress\/plugins\/seo\/ -->\n<title>Cont\u00e1ctame! - La N\u00faria Farr\u00e9s<\/title>\n<meta name=\"description\" content=\"N\u00faria Farr\u00e9s | Dise\u00f1o gr\u00e1fico en Barcelona, Granollers. Da vida a tu proyecto y haz vibrar a tu comunidad. \u00a1Captaremos la atenci\u00f3n de las personas que vibran con tus valores, desde el primer vistazo!\" \/>\n<meta name=\"robots\" content=\"index, follow, max-snippet:-1, max-image-preview:large, max-video-preview:-1\" \/>\n<link rel=\"canonical\" href=\"https:\/\/lanuriafarres.com\/es\/contactame\/\" \/>\n<meta property=\"og:locale\" content=\"es_ES\" \/>\n<meta property=\"og:type\" content=\"article\" \/>\n<meta property=\"og:title\" content=\"Cont\u00e1ctame! - La N\u00faria Farr\u00e9s\" \/>\n<meta property=\"og:description\" content=\"N\u00faria Farr\u00e9s | Dise\u00f1o gr\u00e1fico en Barcelona, Granollers. Da vida a tu proyecto y haz vibrar a tu comunidad. \u00a1Captaremos la atenci\u00f3n de las personas que vibran con tus valores, desde el primer vistazo!\" \/>\n<meta property=\"og:url\" content=\"https:\/\/lanuriafarres.com\/es\/contactame\/\" \/>\n<meta property=\"og:site_name\" content=\"La N\u00faria Farr\u00e9s\" \/>\n<meta property=\"article:modified_time\" content=\"2025-07-17T11:36:42+00:00\" \/>\n<meta property=\"og:image\" content=\"https:\/\/lanuriafarres.com\/wp-content\/uploads\/2025\/04\/nuria_farres_disseny_comunicacio.jpg\" \/>\n\t<meta property=\"og:image:width\" content=\"430\" \/>\n\t<meta property=\"og:image:height\" content=\"500\" \/>\n\t<meta property=\"og:image:type\" content=\"image\/jpeg\" \/>\n<meta name=\"twitter:card\" content=\"summary_large_image\" \/>\n<script type=\"application\/ld+json\" class=\"yoast-schema-graph\">{\"@context\":\"https:\/\/schema.org\",\"@graph\":[{\"@type\":\"WebPage\",\"@id\":\"https:\/\/lanuriafarres.com\/es\/contactame\/\",\"url\":\"https:\/\/lanuriafarres.com\/es\/contactame\/\",\"name\":\"Cont\u00e1ctame! - La N\u00faria Farr\u00e9s\",\"isPartOf\":{\"@id\":\"https:\/\/lanuriafarres.com\/es\/#website\"},\"primaryImageOfPage\":{\"@id\":\"https:\/\/lanuriafarres.com\/es\/contactame\/#primaryimage\"},\"image\":{\"@id\":\"https:\/\/lanuriafarres.com\/es\/contactame\/#primaryimage\"},\"thumbnailUrl\":\"https:\/\/lanuriafarres.com\/wp-content\/uploads\/2025\/04\/nuria_farres_disseny_comunicacio.jpg\",\"datePublished\":\"2025-03-17T09:18:16+00:00\",\"dateModified\":\"2025-07-17T11:36:42+00:00\",\"description\":\"N\u00faria Farr\u00e9s | Dise\u00f1o gr\u00e1fico en Barcelona, Granollers. Da vida a tu proyecto y haz vibrar a tu comunidad. \u00a1Captaremos la atenci\u00f3n de las personas que vibran con tus valores, desde el primer vistazo!\",\"breadcrumb\":{\"@id\":\"https:\/\/lanuriafarres.com\/es\/contactame\/#breadcrumb\"},\"inLanguage\":\"es\",\"potentialAction\":[{\"@type\":\"ReadAction\",\"target\":[\"https:\/\/lanuriafarres.com\/es\/contactame\/\"]}]},{\"@type\":\"ImageObject\",\"inLanguage\":\"es\",\"@id\":\"https:\/\/lanuriafarres.com\/es\/contactame\/#primaryimage\",\"url\":\"https:\/\/lanuriafarres.com\/wp-content\/uploads\/2025\/04\/nuria_farres_disseny_comunicacio.jpg\",\"contentUrl\":\"https:\/\/lanuriafarres.com\/wp-content\/uploads\/2025\/04\/nuria_farres_disseny_comunicacio.jpg\"},{\"@type\":\"BreadcrumbList\",\"@id\":\"https:\/\/lanuriafarres.com\/es\/contactame\/#breadcrumb\",\"itemListElement\":[{\"@type\":\"ListItem\",\"position\":1,\"name\":\"Portada\",\"item\":\"https:\/\/lanuriafarres.com\/es\/inicio\/\"},{\"@type\":\"ListItem\",\"position\":2,\"name\":\"Cont\u00e1ctame!\"}]},{\"@type\":\"WebSite\",\"@id\":\"https:\/\/lanuriafarres.com\/es\/#website\",\"url\":\"https:\/\/lanuriafarres.com\/es\/\",\"name\":\"La N\u00faria Farr\u00e9s\",\"description\":\"Web de N\u00faria Farr\u00e9s\",\"publisher\":{\"@id\":\"https:\/\/lanuriafarres.com\/es\/#\/schema\/person\/6f42468ebf606d1d70f5e2bf2607e02c\"},\"potentialAction\":[{\"@type\":\"SearchAction\",\"target\":{\"@type\":\"EntryPoint\",\"urlTemplate\":\"https:\/\/lanuriafarres.com\/es\/?s={search_term_string}\"},\"query-input\":{\"@type\":\"PropertyValueSpecification\",\"valueRequired\":true,\"valueName\":\"search_term_string\"}}],\"inLanguage\":\"es\"},{\"@type\":[\"Person\",\"Organization\"],\"@id\":\"https:\/\/lanuriafarres.com\/es\/#\/schema\/person\/6f42468ebf606d1d70f5e2bf2607e02c\",\"name\":\"N\u00faria Farr\u00e9s\",\"image\":{\"@type\":\"ImageObject\",\"inLanguage\":\"es\",\"@id\":\"https:\/\/lanuriafarres.com\/es\/#\/schema\/person\/image\/\",\"url\":\"https:\/\/lanuriafarres.com\/wp-content\/uploads\/2025\/03\/LaNuriaFarres.svg\",\"contentUrl\":\"https:\/\/lanuriafarres.com\/wp-content\/uploads\/2025\/03\/LaNuriaFarres.svg\",\"width\":1,\"height\":1,\"caption\":\"N\u00faria Farr\u00e9s\"},\"logo\":{\"@id\":\"https:\/\/lanuriafarres.com\/es\/#\/schema\/person\/image\/\"}}]}<\/script>\n<!-- \/ Yoast SEO plugin. -->","yoast_head_json":{"title":"Cont\u00e1ctame! - La N\u00faria Farr\u00e9s","description":"N\u00faria Farr\u00e9s | Dise\u00f1o gr\u00e1fico en Barcelona, Granollers. Da vida a tu proyecto y haz vibrar a tu comunidad. \u00a1Captaremos la atenci\u00f3n de las personas que vibran con tus valores, desde el primer vistazo!","robots":{"index":"index","follow":"follow","max-snippet":"max-snippet:-1","max-image-preview":"max-image-preview:large","max-video-preview":"max-video-preview:-1"},"canonical":"https:\/\/lanuriafarres.com\/es\/contactame\/","og_locale":"es_ES","og_type":"article","og_title":"Cont\u00e1ctame! - La N\u00faria Farr\u00e9s","og_description":"N\u00faria Farr\u00e9s | Dise\u00f1o gr\u00e1fico en Barcelona, Granollers. Da vida a tu proyecto y haz vibrar a tu comunidad. \u00a1Captaremos la atenci\u00f3n de las personas que vibran con tus valores, desde el primer vistazo!","og_url":"https:\/\/lanuriafarres.com\/es\/contactame\/","og_site_name":"La N\u00faria Farr\u00e9s","article_modified_time":"2025-07-17T11:36:42+00:00","og_image":[{"width":430,"height":500,"url":"https:\/\/lanuriafarres.com\/wp-content\/uploads\/2025\/04\/nuria_farres_disseny_comunicacio.jpg","type":"image\/jpeg"}],"twitter_card":"summary_large_image","schema":{"@context":"https:\/\/schema.org","@graph":[{"@type":"WebPage","@id":"https:\/\/lanuriafarres.com\/es\/contactame\/","url":"https:\/\/lanuriafarres.com\/es\/contactame\/","name":"Cont\u00e1ctame! - La N\u00faria Farr\u00e9s","isPartOf":{"@id":"https:\/\/lanuriafarres.com\/es\/#website"},"primaryImageOfPage":{"@id":"https:\/\/lanuriafarres.com\/es\/contactame\/#primaryimage"},"image":{"@id":"https:\/\/lanuriafarres.com\/es\/contactame\/#primaryimage"},"thumbnailUrl":"https:\/\/lanuriafarres.com\/wp-content\/uploads\/2025\/04\/nuria_farres_disseny_comunicacio.jpg","datePublished":"2025-03-17T09:18:16+00:00","dateModified":"2025-07-17T11:36:42+00:00","description":"N\u00faria Farr\u00e9s | Dise\u00f1o gr\u00e1fico en Barcelona, Granollers. Da vida a tu proyecto y haz vibrar a tu comunidad. \u00a1Captaremos la atenci\u00f3n de las personas que vibran con tus valores, desde el primer vistazo!","breadcrumb":{"@id":"https:\/\/lanuriafarres.com\/es\/contactame\/#breadcrumb"},"inLanguage":"es","potentialAction":[{"@type":"ReadAction","target":["https:\/\/lanuriafarres.com\/es\/contactame\/"]}]},{"@type":"ImageObject","inLanguage":"es","@id":"https:\/\/lanuriafarres.com\/es\/contactame\/#primaryimage","url":"https:\/\/lanuriafarres.com\/wp-content\/uploads\/2025\/04\/nuria_farres_disseny_comunicacio.jpg","contentUrl":"https:\/\/lanuriafarres.com\/wp-content\/uploads\/2025\/04\/nuria_farres_disseny_comunicacio.jpg"},{"@type":"BreadcrumbList","@id":"https:\/\/lanuriafarres.com\/es\/contactame\/#breadcrumb","itemListElement":[{"@type":"ListItem","position":1,"name":"Portada","item":"https:\/\/lanuriafarres.com\/es\/inicio\/"},{"@type":"ListItem","position":2,"name":"Cont\u00e1ctame!"}]},{"@type":"WebSite","@id":"https:\/\/lanuriafarres.com\/es\/#website","url":"https:\/\/lanuriafarres.com\/es\/","name":"La N\u00faria Farr\u00e9s","description":"Web de N\u00faria Farr\u00e9s","publisher":{"@id":"https:\/\/lanuriafarres.com\/es\/#\/schema\/person\/6f42468ebf606d1d70f5e2bf2607e02c"},"potentialAction":[{"@type":"SearchAction","target":{"@type":"EntryPoint","urlTemplate":"https:\/\/lanuriafarres.com\/es\/?s={search_term_string}"},"query-input":{"@type":"PropertyValueSpecification","valueRequired":true,"valueName":"search_term_string"}}],"inLanguage":"es"},{"@type":["Person","Organization"],"@id":"https:\/\/lanuriafarres.com\/es\/#\/schema\/person\/6f42468ebf606d1d70f5e2bf2607e02c","name":"N\u00faria Farr\u00e9s","image":{"@type":"ImageObject","inLanguage":"es","@id":"https:\/\/lanuriafarres.com\/es\/#\/schema\/person\/image\/","url":"https:\/\/lanuriafarres.com\/wp-content\/uploads\/2025\/03\/LaNuriaFarres.svg","contentUrl":"https:\/\/lanuriafarres.com\/wp-content\/uploads\/2025\/03\/LaNuriaFarres.svg","width":1,"height":1,"caption":"N\u00faria Farr\u00e9s"},"logo":{"@id":"https:\/\/lanuriafarres.com\/es\/#\/schema\/person\/image\/"}}]}},"_links":{"self":[{"href":"https:\/\/lanuriafarres.com\/es\/wp-json\/wp\/v2\/pages\/1934","targetHints":{"allow":["GET"]}}],"collection":[{"href":"https:\/\/lanuriafarres.com\/es\/wp-json\/wp\/v2\/pages"}],"about":[{"href":"https:\/\/lanuriafarres.com\/es\/wp-json\/wp\/v2\/types\/page"}],"author":[{"embeddable":true,"href":"https:\/\/lanuriafarres.com\/es\/wp-json\/wp\/v2\/users\/3"}],"replies":[{"embeddable":true,"href":"https:\/\/lanuriafarres.com\/es\/wp-json\/wp\/v2\/comments?post=1934"}],"version-history":[{"count":1,"href":"https:\/\/lanuriafarres.com\/es\/wp-json\/wp\/v2\/pages\/1934\/revisions"}],"predecessor-version":[{"id":1935,"href":"https:\/\/lanuriafarres.com\/es\/wp-json\/wp\/v2\/pages\/1934\/revisions\/1935"}],"wp:attachment":[{"href":"https:\/\/lanuriafarres.com\/es\/wp-json\/wp\/v2\/media?parent=1934"}],"curies":[{"name":"wp","href":"https:\/\/api.w.org\/{rel}","templated":true}]}}